{"id":2581,"date":"2025-09-17T13:25:00","date_gmt":"2025-09-17T19:25:00","guid":{"rendered":"https:\/\/projects.startmeabiz.com\/?page_id=2581"},"modified":"2026-02-22T04:09:32","modified_gmt":"2026-02-22T09:09:32","slug":"dashboard","status":"publish","type":"page","link":"https:\/\/projects.startmeabiz.com\/de\/","title":{"rendered":"SmartBiz Automator Command Center von Start Me A Biz"},"content":{"rendered":"<div class=\"cc-container\">\n<p><!-- Hero Section --><\/p>\n<div class=\"cc-hero\">\n<p><img decoding=\"async\" class=\"cc-hero-img\" src=\"https:\/\/projects.startmeabiz.com\/wp-content\/uploads\/2025\/12\/SMARTBIZ.webp\" \/><\/p>\n<h1 class=\"cc-main-title\"><strong>Kommandozentrale<\/strong><\/h1>\n<p class=\"cc-sub-title\"><strong>Ihr Dashboard f\u00fcr die kampfbereite Einsatzgruppe<\/strong><\/p>\n<div class=\"fep-error\">Du musst <a href=\"https:\/\/projects.startmeabiz.com\/de\/login\/?redirect_to=https%3A%2F%2Fprojects.startmeabiz.com%2Fde%2F\">Login<\/a> um Ihre Nachricht anzuzeigen.<\/div><\/div>\n<div id=\"strike-panel\" class=\"cc-section-box\">\n<h2 class=\"cc-box-title\">24\/7-Schlie\u00dfpanel<\/h2>\n<ul style=\"list-style: none; padding: 0; line-height: 1.8;\">\n<li style=\"text-align: left;\"><span style=\"color: #ffffff;\">\ud83d\ude80 <strong>Start:<\/strong> Nutzen Sie eine der unten stehenden Optionen, um uns Ihre n\u00e4chste Aufgabe zu senden und Ihre n\u00e4chste Mission zu starten.<\/span><\/li>\n<li style=\"text-align: left;\"><span style=\"color: #ffffff;\">\ud83d\udc82 <strong>Genehmigen:<\/strong> Wir werden Ihnen innerhalb weniger Minuten den Preis und die ben\u00f6tigte Lieferzeit mitteilen.<\/span><\/li>\n<li style=\"text-align: left;\"><span style=\"color: #ffffff;\">\u26a1 <strong>Ausf\u00fchren:<\/strong> Ihre Task Force nimmt innerhalb von 2 Stunden (normalerweise Minuten) ihre Arbeit auf.<\/span><\/li>\n<\/ul><\/div>\n<p> <!-- close strike-panel --><\/p>\n<h3 class=\"cc-box-sub\"><strong><span style=\"font-size: 130%;\">Starten Sie Ihre n\u00e4chste Aufgabe<\/span><\/strong><\/h3>\n<p><!-- Quick Action Grid --><\/p>\n<div class=\"cc-button-grid\">\n    <a class=\"cc-btn btn-blue\" href=\"tel:+13053845639\">TASK FORCE AUFRUFEN<\/a><br \/>\n    <a class=\"cc-btn btn-blue\" href=\"sms:+13053845639?body=I want to start a new mission.\">TEXT-TASK-FORCE<\/a><br \/>\n    <a class=\"cc-btn btn-green\" href=\"#strike-panel\">NEUE AUFGABE STARTEN<\/a><br \/>\n    <a class=\"cc-btn btn-blue\" href=\"mailto:support@startmeabiz.com\">E-Mail-Arbeitsgruppe<\/a><br \/>\n    <a class=\"cc-btn btn-blue\" href=\"https:\/\/wa.me\/13095320532\">WHATSAPP-FORSCHUNG<\/a><br \/>\n    <a class=\"cc-btn btn-orange\" href=\"https:\/\/startmeabiz.com\/smartbiz-automator#pricing\">NACHLADEN AUFGABEN<\/a>\n  <\/div>\n<p><!-- Active Missions Section --><\/p>\n<div class=\"cc-section-box\">\n<h2 class=\"cc-box-title\">Aktive Missionen<\/h2>\n<h3 class=\"cc-box-sub\">Was Ihre Task Force gerade im Sturm erobert<\/h3>\n<p style=\"text-align: center;\"><span style=\"color: #ffffff;\">Ihre Aufgaben werden rund um die Uhr aktualisiert, sodass Sie den Fortschritt jederzeit \u00fcberpr\u00fcfen k\u00f6nnen.<\/span><\/p>\n<\/p><\/div>\n<p><!-- Strike Panel --><\/p>\n<div class=\"pm-pro-wrap\"><form name=\"loginform\" id=\"loginform\" action=\"https:\/\/projects.startmeabiz.com\/wp-login.php\" method=\"post\" data-trp-original-action=\"https:\/\/projects.startmeabiz.com\/wp-login.php\"><p class=\"login-username\">\n\t\t\t\t<label for=\"user_login\">Benutzername oder E-Mail-Adresse<\/label>\n\t\t\t\t<input type=\"text\" name=\"log\" id=\"user_login\" autocomplete=\"username\" class=\"input\" value=\"\" size=\"20\" \/>\n\t\t\t<\/p><p class=\"login-password\">\n\t\t\t\t<label for=\"user_pass\">Passwort<\/label>\n\t\t\t\t<input type=\"password\" name=\"pwd\" id=\"user_pass\" autocomplete=\"current-password\" spellcheck=\"false\" class=\"input\" value=\"\" size=\"20\" \/>\n\t\t\t<\/p><p class=\"login-remember\"><label><input name=\"rememberme\" type=\"checkbox\" id=\"rememberme\" value=\"forever\" \/> Angemeldet bleiben<\/label><\/p><p class=\"login-submit\">\n\t\t\t\t<input type=\"submit\" name=\"wp-submit\" id=\"wp-submit\" class=\"button button-primary\" value=\"Anmelden\" \/>\n\t\t\t\t<input type=\"hidden\" name=\"redirect_to\" value=\"https:\/\/projects.startmeabiz.com\/de\/wp-json\/wp\/v2\/pages\/2581\" \/>\n\t\t\t<\/p><input type=\"hidden\" name=\"trp-form-language\" value=\"de\"\/><\/form><\/div>\n<\/div>\n<p> <!-- closes cc-container --><br \/>","protected":false},"excerpt":{"rendered":"Command Center Your Battle-Ready Task Force Dashboard You must login to view your message. 24\/7 Strike Panel \ud83d\ude80 Start: Use any option below to send us your next task and launch your next mission. \ud83d\udc82 Approve: We will reply with the price and time required within minutes. \u26a1 Execute: Your Task Force gets to work [...]","protected":false},"author":1,"featured_media":5585,"parent":0,"menu_order":0,"comment_status":"closed","ping_status":"closed","template":"page-right-sidebar.php","meta":{"slim_seo":{"facebook_image":"https:\/\/projects.startmeabiz.com\/wp-content\/uploads\/2025\/12\/SmartBiz-Automator-MyTeam.png","twitter_image":"https:\/\/projects.startmeabiz.com\/wp-content\/uploads\/2025\/12\/SmartBiz-Automator-MyTeam.png","title":"Start Me A Biz \u2013 Mach deine Idee wahr","description":"Kommandozentrale \u2013 Ihr Dashboard f\u00fcr die kampfbereite Task Force. Sie m\u00fcssen sich anmelden, um Ihre Nachricht zu sehen. 24\/7-Einsatzzentrale \ud83d\ude80 Start: Nutzen Sie eine der folgenden Optionen, um uns Ihren n\u00e4chsten Einsatzbefehl zu senden."},"footnotes":""},"class_list":["post-2581","page","type-page","status-publish","has-post-thumbnail","hentry"],"_links":{"self":[{"href":"https:\/\/projects.startmeabiz.com\/de\/wp-json\/wp\/v2\/pages\/2581","targetHints":{"allow":["GET"]}}],"collection":[{"href":"https:\/\/projects.startmeabiz.com\/de\/wp-json\/wp\/v2\/pages"}],"about":[{"href":"https:\/\/projects.startmeabiz.com\/de\/wp-json\/wp\/v2\/types\/page"}],"author":[{"embeddable":true,"href":"https:\/\/projects.startmeabiz.com\/de\/wp-json\/wp\/v2\/users\/1"}],"replies":[{"embeddable":true,"href":"https:\/\/projects.startmeabiz.com\/de\/wp-json\/wp\/v2\/comments?post=2581"}],"version-history":[{"count":0,"href":"https:\/\/projects.startmeabiz.com\/de\/wp-json\/wp\/v2\/pages\/2581\/revisions"}],"wp:featuredmedia":[{"embeddable":true,"href":"https:\/\/projects.startmeabiz.com\/de\/wp-json\/wp\/v2\/media\/5585"}],"wp:attachment":[{"href":"https:\/\/projects.startmeabiz.com\/de\/wp-json\/wp\/v2\/media?parent=2581"}],"curies":[{"name":"wp","href":"https:\/\/api.w.org\/{rel}","templated":true}]}}