{"id":2581,"date":"2025-09-17T13:25:00","date_gmt":"2025-09-17T19:25:00","guid":{"rendered":"https:\/\/projects.startmeabiz.com\/?page_id=2581"},"modified":"2026-02-22T04:09:32","modified_gmt":"2026-02-22T09:09:32","slug":"panel","status":"publish","type":"page","link":"https:\/\/projects.startmeabiz.com\/es\/","title":{"rendered":"Centro de comando de automatizaci\u00f3n SmartBiz de Start Me A Biz"},"content":{"rendered":"<div class=\"cc-container\">\n<p><!-- Hero Section --><\/p>\n<div class=\"cc-hero\">\n<p><img decoding=\"async\" class=\"cc-hero-img\" src=\"https:\/\/projects.startmeabiz.com\/wp-content\/uploads\/2025\/12\/SMARTBIZ.webp\" \/><\/p>\n<h1 class=\"cc-main-title\"><strong>Centro de mando<\/strong><\/h1>\n<p class=\"cc-sub-title\"><strong>Panel de control de su grupo de trabajo listo para la batalla<\/strong><\/p>\n<div class=\"fep-error\">Debe <a href=\"https:\/\/projects.startmeabiz.com\/es\/acceso\/?redirect_to=https%3A%2F%2Fprojects.startmeabiz.com%2Fes%2F\">Iniciar sesi\u00f3n<\/a> para ver su mensaje.<\/div><\/div>\n<div id=\"strike-panel\" class=\"cc-section-box\">\n<h2 class=\"cc-box-title\">Panel de ataque 24\/7<\/h2>\n<ul style=\"list-style: none; padding: 0; line-height: 1.8;\">\n<li style=\"text-align: left;\"><span style=\"color: #ffffff;\">\ud83d\ude80 <strong>Comenzar:<\/strong> Utilice cualquiera de las opciones a continuaci\u00f3n para enviarnos su pr\u00f3xima tarea y lanzar su pr\u00f3xima misi\u00f3n.<\/span><\/li>\n<li style=\"text-align: left;\"><span style=\"color: #ffffff;\">\ud83d\udc82 <strong>Aprobar:<\/strong> Le responderemos con el precio y el tiempo requerido en cuesti\u00f3n de minutos.<\/span><\/li>\n<li style=\"text-align: left;\"><span style=\"color: #ffffff;\">\u26a1 <strong>Ejecutar:<\/strong> Su grupo de trabajo comienza a trabajar en un plazo de 2 horas (normalmente minutos).<\/span><\/li>\n<\/ul><\/div>\n<p> <!-- close strike-panel --><\/p>\n<h3 class=\"cc-box-sub\"><strong><span style=\"font-size: 130%;\">Lanza tu pr\u00f3xima tarea<\/span><\/strong><\/h3>\n<p><!-- Quick Action Grid --><\/p>\n<div class=\"cc-button-grid\">\n    <a class=\"cc-btn btn-blue\" href=\"tel:+13053845639\">GRUPO DE TRABAJO DE LLAMADA<\/a><br \/>\n    <a class=\"cc-btn btn-blue\" href=\"sms:+13053845639?body=I want to start a new mission.\">GRUPO DE TRABAJO DE TEXTO<\/a><br \/>\n    <a class=\"cc-btn btn-green\" href=\"#strike-panel\">LANZAMIENTO NUEVA TAREA<\/a><br \/>\n    <a class=\"cc-btn btn-blue\" href=\"mailto:support@startmeabiz.com\">GRUPO DE TRABAJO DE CORREO ELECTR\u00d3NICO<\/a><br \/>\n    <a class=\"cc-btn btn-blue\" href=\"https:\/\/wa.me\/13095320532\">FUERZA DE WHATSAPP<\/a><br \/>\n    <a class=\"cc-btn btn-orange\" href=\"https:\/\/startmeabiz.com\/smartbiz-automator#pricing\">RECARGAR TAREAS<\/a>\n  <\/div>\n<p><!-- Active Missions Section --><\/p>\n<div class=\"cc-section-box\">\n<h2 class=\"cc-box-title\">Misiones activas<\/h2>\n<h3 class=\"cc-box-sub\">Lo que su equipo de trabajo est\u00e1 logrando en este momento<\/h3>\n<p style=\"text-align: center;\"><span style=\"color: #ffffff;\">Tus tareas se actualizan 24 horas al d\u00eda, 7 d\u00edas a la semana para que puedas revisar el progreso en cualquier momento.<\/span><\/p>\n<\/p><\/div>\n<p><!-- Strike Panel --><\/p>\n<div class=\"pm-pro-wrap\"><form name=\"loginform\" id=\"loginform\" action=\"https:\/\/projects.startmeabiz.com\/wp-login.php\" method=\"post\" data-trp-original-action=\"https:\/\/projects.startmeabiz.com\/wp-login.php\"><p class=\"login-username\">\n\t\t\t\t<label for=\"user_login\">Nombre de usuario o direcci\u00f3n de correo<\/label>\n\t\t\t\t<input type=\"text\" name=\"log\" id=\"user_login\" autocomplete=\"username\" class=\"input\" value=\"\" size=\"20\" \/>\n\t\t\t<\/p><p class=\"login-password\">\n\t\t\t\t<label for=\"user_pass\">Contrase\u00f1a<\/label>\n\t\t\t\t<input type=\"password\" name=\"pwd\" id=\"user_pass\" autocomplete=\"current-password\" spellcheck=\"false\" class=\"input\" value=\"\" size=\"20\" \/>\n\t\t\t<\/p><p class=\"login-remember\"><label><input name=\"rememberme\" type=\"checkbox\" id=\"rememberme\" value=\"forever\" \/> Recu\u00e9rdame<\/label><\/p><p class=\"login-submit\">\n\t\t\t\t<input type=\"submit\" name=\"wp-submit\" id=\"wp-submit\" class=\"button button-primary\" value=\"Acceder\" \/>\n\t\t\t\t<input type=\"hidden\" name=\"redirect_to\" value=\"https:\/\/projects.startmeabiz.com\/es\/wp-json\/wp\/v2\/pages\/2581\" \/>\n\t\t\t<\/p><input type=\"hidden\" name=\"trp-form-language\" value=\"es\"\/><\/form><\/div>\n<\/div>\n<p> <!-- closes cc-container --><br \/>","protected":false},"excerpt":{"rendered":"Command Center Your Battle-Ready Task Force Dashboard Debe iniciar sesi\u00f3n para ver su mensaje. 24\/7 Strike Panel \ud83d\ude80 Start: Use any option below to send us your next task and launch your next mission. \ud83d\udc82 Approve: We will reply with the price and time required within minutes. \u26a1 Execute: Your Task Force gets to work [...]","protected":false},"author":1,"featured_media":5585,"parent":0,"menu_order":0,"comment_status":"closed","ping_status":"closed","template":"page-right-sidebar.php","meta":{"slim_seo":{"facebook_image":"https:\/\/projects.startmeabiz.com\/wp-content\/uploads\/2025\/12\/SmartBiz-Automator-MyTeam.png","twitter_image":"https:\/\/projects.startmeabiz.com\/wp-content\/uploads\/2025\/12\/SmartBiz-Automator-MyTeam.png","title":"Start Me A Biz - Haz realidad tu idea","description":"Centro de comando Su panel de control de fuerza de tarea lista para la batalla Debe iniciar sesi\u00f3n para ver su mensaje. Panel de ataque 24\/7 \ud83d\ude80 Inicio: Use cualquier opci\u00f3n a continuaci\u00f3n para enviarnos su n"},"footnotes":""},"class_list":["post-2581","page","type-page","status-publish","has-post-thumbnail","hentry"],"_links":{"self":[{"href":"https:\/\/projects.startmeabiz.com\/es\/wp-json\/wp\/v2\/pages\/2581","targetHints":{"allow":["GET"]}}],"collection":[{"href":"https:\/\/projects.startmeabiz.com\/es\/wp-json\/wp\/v2\/pages"}],"about":[{"href":"https:\/\/projects.startmeabiz.com\/es\/wp-json\/wp\/v2\/types\/page"}],"author":[{"embeddable":true,"href":"https:\/\/projects.startmeabiz.com\/es\/wp-json\/wp\/v2\/users\/1"}],"replies":[{"embeddable":true,"href":"https:\/\/projects.startmeabiz.com\/es\/wp-json\/wp\/v2\/comments?post=2581"}],"version-history":[{"count":0,"href":"https:\/\/projects.startmeabiz.com\/es\/wp-json\/wp\/v2\/pages\/2581\/revisions"}],"wp:featuredmedia":[{"embeddable":true,"href":"https:\/\/projects.startmeabiz.com\/es\/wp-json\/wp\/v2\/media\/5585"}],"wp:attachment":[{"href":"https:\/\/projects.startmeabiz.com\/es\/wp-json\/wp\/v2\/media?parent=2581"}],"curies":[{"name":"wp","href":"https:\/\/api.w.org\/{rel}","templated":true}]}}