{"id":5597,"date":"2025-12-21T12:49:09","date_gmt":"2025-12-21T17:49:09","guid":{"rendered":"https:\/\/projects.startmeabiz.com\/?post_type=product&#038;p=5597"},"modified":"2026-01-09T11:01:58","modified_gmt":"2026-01-09T16:01:58","slug":"paquete-de-tareas-mensual","status":"publish","type":"product","link":"https:\/\/projects.startmeabiz.com\/es\/product\/paquete-de-tareas-mensual\/","title":{"rendered":"SmartBiz Automator \u2013 Paquete de tareas (Humano + IA) \u2013 Suscripci\u00f3n mensual"},"content":{"rendered":"","protected":false},"excerpt":{"rendered":"<p><strong>Obt\u00e9n hasta 30 minutos de trabajo humano concentrado por tarea, con asistencia ilimitada de IA. Elige un Paquete de Tareas para un n\u00famero determinado de tareas o elige el Pase Ilimitado de Una Semana para un sprint de 7 d\u00edas con solicitudes de tareas ilimitadas (hasta 8 horas al d\u00eda, 5 d\u00edas).<\/strong><\/p>","protected":false},"featured_media":5540,"comment_status":"closed","ping_status":"closed","template":"","meta":{"slim_seo":{"title":"SmartBiz Automator \u2013 Task Pack (Human + AI) \u2013 Monthly Subscription - Start Me A Biz","description":"Obt\u00e9n hasta 30 minutos de trabajo humano concentrado por tarea, con asistencia ilimitada de IA. Elige un Paquete de Tareas para un n\u00famero determinado de tareas o elige el Paquete de Una Semana."}},"product_brand":[291,290],"product_cat":[152],"product_tag":[],"class_list":{"0":"post-5597","1":"product","2":"type-product","3":"status-publish","4":"has-post-thumbnail","6":"product_brand-smartbiz-automator","7":"product_brand-start-me-a-biz","8":"product_cat-smartbiz-automator-task-packs-passes","9":"pa_tasks-1-task","10":"pa_tasks-10-tasks","11":"pa_tasks-120-tasks","12":"pa_tasks-15-tasks","13":"pa_tasks-24-hour-power-pass","14":"pa_tasks-3-tasks","15":"pa_tasks-30-tasks","16":"pa_tasks-5-tasks","17":"pa_tasks-60-tasks","18":"pa_tasks-8-tasks","19":"pa_tasks-monthly-unlimited-tasks-pass","20":"pa_tasks-weekly-unlimited-tasks-pass","22":"first","23":"instock","24":"taxable","25":"shipping-taxable","26":"purchasable","27":"product-type-variable-subscription","28":"has-default-attributes"},"_links":{"self":[{"href":"https:\/\/projects.startmeabiz.com\/es\/wp-json\/wp\/v2\/product\/5597","targetHints":{"allow":["GET"]}}],"collection":[{"href":"https:\/\/projects.startmeabiz.com\/es\/wp-json\/wp\/v2\/product"}],"about":[{"href":"https:\/\/projects.startmeabiz.com\/es\/wp-json\/wp\/v2\/types\/product"}],"replies":[{"embeddable":true,"href":"https:\/\/projects.startmeabiz.com\/es\/wp-json\/wp\/v2\/comments?post=5597"}],"wp:featuredmedia":[{"embeddable":true,"href":"https:\/\/projects.startmeabiz.com\/es\/wp-json\/wp\/v2\/media\/5540"}],"wp:attachment":[{"href":"https:\/\/projects.startmeabiz.com\/es\/wp-json\/wp\/v2\/media?parent=5597"}],"wp:term":[{"taxonomy":"product_brand","embeddable":true,"href":"https:\/\/projects.startmeabiz.com\/es\/wp-json\/wp\/v2\/product_brand?post=5597"},{"taxonomy":"product_cat","embeddable":true,"href":"https:\/\/projects.startmeabiz.com\/es\/wp-json\/wp\/v2\/product_cat?post=5597"},{"taxonomy":"product_tag","embeddable":true,"href":"https:\/\/projects.startmeabiz.com\/es\/wp-json\/wp\/v2\/product_tag?post=5597"}],"curies":[{"name":"wp","href":"https:\/\/api.w.org\/{rel}","templated":true}]}}