{"id":2581,"date":"2025-09-17T13:25:00","date_gmt":"2025-09-17T19:25:00","guid":{"rendered":"https:\/\/projects.startmeabiz.com\/?page_id=2581"},"modified":"2026-02-22T04:09:32","modified_gmt":"2026-02-22T09:09:32","slug":"dashboard","status":"publish","type":"page","link":"https:\/\/projects.startmeabiz.com\/fr\/","title":{"rendered":"Centre de commande SmartBiz Automator par Start Me A Biz"},"content":{"rendered":"<div class=\"cc-container\">\n<p><!-- Hero Section --><\/p>\n<div class=\"cc-hero\">\n<p><img decoding=\"async\" class=\"cc-hero-img\" src=\"https:\/\/projects.startmeabiz.com\/wp-content\/uploads\/2025\/12\/SMARTBIZ.webp\" \/><\/p>\n<h1 class=\"cc-main-title\"><strong>Centre de commandement<\/strong><\/h1>\n<p class=\"cc-sub-title\"><strong>Tableau de bord de votre force op\u00e9rationnelle pr\u00eate au combat<\/strong><\/p>\n<div class=\"fep-error\">Vous devez <a href=\"https:\/\/projects.startmeabiz.com\/fr\/se-connecter\/?redirect_to=https%3A%2F%2Fprojects.startmeabiz.com%2Ffr%2F\">se connecter<\/a> pour consulter votre message.<\/div><\/div>\n<div id=\"strike-panel\" class=\"cc-section-box\">\n<h2 class=\"cc-box-title\">Panneau de frappe 24h\/24 et 7j\/7<\/h2>\n<ul style=\"list-style: none; padding: 0; line-height: 1.8;\">\n<li style=\"text-align: left;\"><span style=\"color: #ffffff;\">\ud83d\ude80 <strong>Commencer:<\/strong> Utilisez l&#039;une des options ci-dessous pour nous envoyer votre prochaine t\u00e2che et lancer votre prochaine mission.<\/span><\/li>\n<li style=\"text-align: left;\"><span style=\"color: #ffffff;\">\ud83d\udc82 <strong>Approuver:<\/strong> Nous vous r\u00e9pondrons en quelques minutes avec le prix et le d\u00e9lai n\u00e9cessaires.<\/span><\/li>\n<li style=\"text-align: left;\"><span style=\"color: #ffffff;\">\u26a1 <strong>Ex\u00e9cuter:<\/strong> Votre groupe de travail se met au travail en moins de 2 heures (g\u00e9n\u00e9ralement en quelques minutes).<\/span><\/li>\n<\/ul><\/div>\n<p> <!-- close strike-panel --><\/p>\n<h3 class=\"cc-box-sub\"><strong><span style=\"font-size: 130%;\">Lancez votre prochaine t\u00e2che<\/span><\/strong><\/h3>\n<p><!-- Quick Action Grid --><\/p>\n<div class=\"cc-button-grid\">\n    <a class=\"cc-btn btn-blue\" href=\"tel:+13053845639\">APPEL DU GROUPE DE TRAVAIL<\/a><br \/>\n    <a class=\"cc-btn btn-blue\" href=\"sms:+13053845639?body=I want to start a new mission.\">GROUPE DE TRAVAIL SUR LES TEXTES<\/a><br \/>\n    <a class=\"cc-btn btn-green\" href=\"#strike-panel\">LANCER UNE NOUVELLE T\u00c2CHE<\/a><br \/>\n    <a class=\"cc-btn btn-blue\" href=\"mailto:support@startmeabiz.com\">GROUPE DE TRAVAIL SUR LA COURRIEL<\/a><br \/>\n    <a class=\"cc-btn btn-blue\" href=\"https:\/\/wa.me\/13095320532\">FORCE WHATSAPP<\/a><br \/>\n    <a class=\"cc-btn btn-orange\" href=\"https:\/\/startmeabiz.com\/smartbiz-automator#pricing\">RECHARGER LES T\u00c2CHES<\/a>\n  <\/div>\n<p><!-- Active Missions Section --><\/p>\n<div class=\"cc-section-box\">\n<h2 class=\"cc-box-title\">Missions actives<\/h2>\n<h3 class=\"cc-box-sub\">Ce que votre groupe de travail est en train d&#039;an\u00e9antir en ce moment<\/h3>\n<p style=\"text-align: center;\"><span style=\"color: #ffffff;\">Vos t\u00e2ches sont mises \u00e0 jour 24h\/24 et 7j\/7, vous pouvez donc consulter leur progression \u00e0 tout moment.<\/span><\/p>\n<\/p><\/div>\n<p><!-- Strike Panel --><\/p>\n<div class=\"pm-pro-wrap\"><form name=\"loginform\" id=\"loginform\" action=\"https:\/\/projects.startmeabiz.com\/wp-login.php\" method=\"post\" data-trp-original-action=\"https:\/\/projects.startmeabiz.com\/wp-login.php\"><p class=\"login-username\">\n\t\t\t\t<label for=\"user_login\">Nom d&#039;utilisateur ou adresse courriel<\/label>\n\t\t\t\t<input type=\"text\" name=\"log\" id=\"user_login\" autocomplete=\"username\" class=\"input\" value=\"\" size=\"20\" \/>\n\t\t\t<\/p><p class=\"login-password\">\n\t\t\t\t<label for=\"user_pass\">Mot de passe<\/label>\n\t\t\t\t<input type=\"password\" name=\"pwd\" id=\"user_pass\" autocomplete=\"current-password\" spellcheck=\"false\" class=\"input\" value=\"\" size=\"20\" \/>\n\t\t\t<\/p><p class=\"login-remember\"><label><input name=\"rememberme\" type=\"checkbox\" id=\"rememberme\" value=\"forever\" \/> Se souvenir de moi<\/label><\/p><p class=\"login-submit\">\n\t\t\t\t<input type=\"submit\" name=\"wp-submit\" id=\"wp-submit\" class=\"button button-primary\" value=\"Se connecter\" \/>\n\t\t\t\t<input type=\"hidden\" name=\"redirect_to\" value=\"https:\/\/projects.startmeabiz.com\/fr\/wp-json\/wp\/v2\/pages\/2581\" \/>\n\t\t\t<\/p><input type=\"hidden\" name=\"trp-form-language\" value=\"fr\"\/><\/form><\/div>\n<\/div>\n<p> <!-- closes cc-container --><br \/>","protected":false},"excerpt":{"rendered":"Command Center Your Battle-Ready Task Force Dashboard You must login to view your message. 24\/7 Strike Panel \ud83d\ude80 Start: Use any option below to send us your next task and launch your next mission. \ud83d\udc82 Approve: We will reply with the price and time required within minutes. \u26a1 Execute: Your Task Force gets to work [...]","protected":false},"author":1,"featured_media":5585,"parent":0,"menu_order":0,"comment_status":"closed","ping_status":"closed","template":"page-right-sidebar.php","meta":{"slim_seo":{"facebook_image":"https:\/\/projects.startmeabiz.com\/wp-content\/uploads\/2025\/12\/SmartBiz-Automator-MyTeam.png","twitter_image":"https:\/\/projects.startmeabiz.com\/wp-content\/uploads\/2025\/12\/SmartBiz-Automator-MyTeam.png","title":"Lancez-moi une entreprise - Donnez vie \u00e0 votre id\u00e9e","description":"Centre de commandement Tableau de bord de votre force op\u00e9rationnelle pr\u00eate au combat Vous devez vous connecter pour consulter votre message. Panneau d&#039;intervention 24h\/24 et 7j\/7 \ud83d\ude80 D\u00e9marrer\u00a0: Utilisez l&#039;une des options ci-dessous pour nous envoyer votre prochain message"},"footnotes":""},"class_list":["post-2581","page","type-page","status-publish","has-post-thumbnail","hentry"],"_links":{"self":[{"href":"https:\/\/projects.startmeabiz.com\/fr\/wp-json\/wp\/v2\/pages\/2581","targetHints":{"allow":["GET"]}}],"collection":[{"href":"https:\/\/projects.startmeabiz.com\/fr\/wp-json\/wp\/v2\/pages"}],"about":[{"href":"https:\/\/projects.startmeabiz.com\/fr\/wp-json\/wp\/v2\/types\/page"}],"author":[{"embeddable":true,"href":"https:\/\/projects.startmeabiz.com\/fr\/wp-json\/wp\/v2\/users\/1"}],"replies":[{"embeddable":true,"href":"https:\/\/projects.startmeabiz.com\/fr\/wp-json\/wp\/v2\/comments?post=2581"}],"version-history":[{"count":0,"href":"https:\/\/projects.startmeabiz.com\/fr\/wp-json\/wp\/v2\/pages\/2581\/revisions"}],"wp:featuredmedia":[{"embeddable":true,"href":"https:\/\/projects.startmeabiz.com\/fr\/wp-json\/wp\/v2\/media\/5585"}],"wp:attachment":[{"href":"https:\/\/projects.startmeabiz.com\/fr\/wp-json\/wp\/v2\/media?parent=2581"}],"curies":[{"name":"wp","href":"https:\/\/api.w.org\/{rel}","templated":true}]}}