{"id":4132,"date":"2025-10-15T08:07:55","date_gmt":"2025-10-15T12:07:55","guid":{"rendered":"https:\/\/projects.startmeabiz.com\/payment-failed\/"},"modified":"2025-10-15T08:07:55","modified_gmt":"2025-10-15T12:07:55","slug":"le-paiement-a-echoue","status":"publish","type":"page","link":"https:\/\/projects.startmeabiz.com\/fr\/le-paiement-a-echoue\/","title":{"rendered":"Paiement \u00e9chou\u00e9"},"content":{"rendered":"Nous sommes d\u00e9sol\u00e9s, mais votre transaction n&#039;a pas pu \u00eatre trait\u00e9e. Veuillez r\u00e9essayer ou contacter l&#039;assistance du site.","protected":false},"excerpt":{"rendered":"<p>Nous sommes d\u00e9sol\u00e9s, mais votre transaction n&#039;a pas pu \u00eatre trait\u00e9e. Veuillez r\u00e9essayer ou contacter l&#039;assistance du site.<\/p>","protected":false},"author":1,"featured_media":0,"parent":0,"menu_order":0,"comment_status":"closed","ping_status":"closed","template":"","meta":{"slim_seo":{"title":"Payment Failed - Start Me A Biz","description":"Nous sommes d\u00e9sol\u00e9s, mais votre transaction n&#039;a pas pu \u00eatre trait\u00e9e. Veuillez r\u00e9essayer ou contacter l&#039;assistance du site."},"footnotes":""},"class_list":["post-4132","page","type-page","status-publish","hentry"],"_links":{"self":[{"href":"https:\/\/projects.startmeabiz.com\/fr\/wp-json\/wp\/v2\/pages\/4132","targetHints":{"allow":["GET"]}}],"collection":[{"href":"https:\/\/projects.startmeabiz.com\/fr\/wp-json\/wp\/v2\/pages"}],"about":[{"href":"https:\/\/projects.startmeabiz.com\/fr\/wp-json\/wp\/v2\/types\/page"}],"author":[{"embeddable":true,"href":"https:\/\/projects.startmeabiz.com\/fr\/wp-json\/wp\/v2\/users\/1"}],"replies":[{"embeddable":true,"href":"https:\/\/projects.startmeabiz.com\/fr\/wp-json\/wp\/v2\/comments?post=4132"}],"version-history":[{"count":0,"href":"https:\/\/projects.startmeabiz.com\/fr\/wp-json\/wp\/v2\/pages\/4132\/revisions"}],"wp:attachment":[{"href":"https:\/\/projects.startmeabiz.com\/fr\/wp-json\/wp\/v2\/media?parent=4132"}],"curies":[{"name":"wp","href":"https:\/\/api.w.org\/{rel}","templated":true}]}}