{"id":5459,"date":"2025-12-10T07:34:17","date_gmt":"2025-12-10T12:34:17","guid":{"rendered":"https:\/\/projects.startmeabiz.com\/?page_id=5459"},"modified":"2025-12-10T09:01:09","modified_gmt":"2025-12-10T14:01:09","slug":"reservez-une-demonstration-gratuite-de-smartbiz-automation","status":"publish","type":"page","link":"https:\/\/projects.startmeabiz.com\/fr\/reservez-une-demonstration-gratuite-de-smartbiz-automation\/","title":{"rendered":"R\u00e9servez une d\u00e9mo gratuite de SmartBiz Automator | Lancez-moi une entreprise"},"content":{"rendered":"<section class=\"section dark\" id=\"section_1889047053\">\n\t\t<div class=\"section-bg fill\" >\n\t\t\t<img loading=\"lazy\" decoding=\"async\" width=\"1472\" height=\"704\" src=\"https:\/\/projects.startmeabiz.com\/wp-content\/uploads\/2025\/12\/Introducing-The-SmartBiz-Automator-by-Start-Me-A-Biz.webp\" class=\"bg attachment-original size-original\" alt=\"Pr\u00e9sentation de SmartBiz Automator par Start Me A Biz\" \/>\t\t\t\t\t\t<div class=\"section-bg-overlay absolute fill\"><\/div>\n\t\t\t\n\n\t\t<\/div>\n\n\t\t\n\n\t\t<div class=\"section-content relative\">\n\t\t\t\n<div class=\"row align-center\"  id=\"row-1943187062\">\n\n\t<div id=\"col-462429127\" class=\"col medium-9 small-11 large-6\"  >\n\t\t\t\t<div class=\"col-inner text-right\"  >\n\t\t\t\n\t\t\t\n\t<div id=\"text-2573362162\" class=\"text\">\n\t\t\n<h6><span style=\"font-size: 180%;\"><strong>L&#039;automate SmartBiz<\/strong><\/span><\/h6>\n<h2 style=\"font-size: 350%;\"><span style=\"font-size: 100%;\"><strong>D\u00e9mo gratuite<\/strong><\/span><\/h2>\n\t\t\n<style>\n#text-2573362162 {\n  font-size: 1.5rem;\n  color: rgb(253, 121, 23);\n}\n#text-2573362162 > * {\n  color: rgb(253, 121, 23);\n}\n<\/style>\n\t<\/div>\n\t\n\t<div id=\"gap-1895466623\" class=\"gap-element clearfix\" style=\"display:block; height:auto;\">\n\t\t\n<style>\n#gap-1895466623 {\n  padding-top: 400px;\n}\n<\/style>\n\t<\/div>\n\t\n\t\t<\/div>\n\t\t\t\t\t<\/div>\n\n\t\n<\/div>\n\t\t<\/div>\n\n\t\t\n<style>\n#section_1889047053 {\n  padding-top: 30px;\n  padding-bottom: 30px;\n  min-height: 701px;\n}\n#section_1889047053 .section-bg-overlay {\n  background-color: rgba(0,0,0,.5);\n}\n@media (min-width:550px) {\n  #section_1889047053 {\n    min-height: 700px;\n  }\n}\n@media (min-width:850px) {\n  #section_1889047053 .section-bg-overlay {\n    background-color: rgba(0, 0, 0, 0.5);\n  }\n}\n<\/style>\n\t<\/section>\n\t\n<div class=\"row row-collapse\"  id=\"row-18374363\">\n\n\t<div id=\"col-779300840\" class=\"col medium-10 small-12 large-9\"  >\n\t\t\t\t<div class=\"col-inner text-center box-shadow-3 box-shadow-5-hover\" style=\"background-color:rgb(255,255,255);\" >\n\t\t\t\n\t\t\t\n<div class=\"container section-title-container\" style=\"margin-bottom:0px;\"><h4 class=\"section-title section-title-center\"><b aria-hidden=\"true\"><\/b><span class=\"section-title-main\" style=\"font-size:90%;color:rgb(244, 16, 79);\">Planifiez votre d\u00e9mo gratuite<\/span><b aria-hidden=\"true\"><\/b><\/h4><\/div>\n<div class=\"fcal_cal_wrap fcal-light-mode\">\n    <div class=\"fluent_booking_app\" data-calendar_id=\"1\"\n         data-event_id=\"10\"><\/div>\n    <\/div>\n\n<style>\n    .fcal_phone_wrapper .flag {\n        background: url(https:\/\/projects.startmeabiz.com\/wp-content\/plugins\/fluent-booking\/assets\/images\/flags_responsive.png) no-repeat;\n        background-size: 100%;\n    }\n<\/style>\n\n\t\t<\/div>\n\t\t\t\t\n<style>\n#col-779300840 > .col-inner {\n  margin: -280px 0px 50px 0px;\n  border-radius: 10px;\n}\n@media (min-width:550px) {\n  #col-779300840 > .col-inner {\n    margin: -170px 0px 50px 0px;\n  }\n}\n<\/style>\n\t<\/div>\n\n\t\n\n<style>\n#row-18374363 > .col > .col-inner {\n  padding: 40px 40px 30px 40px;\n}\n<\/style>\n<\/div>\n\t<div id=\"gap-1797593960\" class=\"gap-element clearfix\" style=\"display:block; height:auto;\">\n\t\t\n<style>\n#gap-1797593960 {\n  padding-top: 80px;\n}\n@media (min-width:550px) {\n  #gap-1797593960 {\n    padding-top: 30px;\n  }\n}\n<\/style>\n\t<\/div>","protected":false},"excerpt":{"rendered":"The SmartBiz Automator Free Demo Schedule Your Free Demo","protected":false},"author":1,"featured_media":0,"parent":0,"menu_order":0,"comment_status":"closed","ping_status":"closed","template":"page-blank.php","meta":{"slim_seo":{"title":"R\u00e9servez une d\u00e9mo gratuite de SmartBiz Automator | Lancez-moi une entreprise","description":"D\u00e9couvrez SmartBiz Automator en action gr\u00e2ce \u00e0 une d\u00e9monstration gratuite. R\u00e9servez un appel rapide pour d\u00e9couvrir comment des professionnels et l&#039;IA peuvent automatiser vos t\u00e2ches r\u00e9currentes et ponctuelles afin que vous puissiez vous concentrer sur le d\u00e9veloppement de votre entreprise.","facebook_image":"https:\/\/projects.startmeabiz.com\/wp-content\/uploads\/2025\/12\/Introducing-The-SmartBiz-Automator-by-Start-Me-A-Biz.png","twitter_image":"https:\/\/projects.startmeabiz.com\/wp-content\/uploads\/2025\/11\/Introducing-The-SmartBiz-Automator-by-Start-Me-A-Biz-Instagram-Post-1728-x-2304-px1.png"},"footnotes":""},"class_list":["post-5459","page","type-page","status-publish","hentry"],"_links":{"self":[{"href":"https:\/\/projects.startmeabiz.com\/fr\/wp-json\/wp\/v2\/pages\/5459","targetHints":{"allow":["GET"]}}],"collection":[{"href":"https:\/\/projects.startmeabiz.com\/fr\/wp-json\/wp\/v2\/pages"}],"about":[{"href":"https:\/\/projects.startmeabiz.com\/fr\/wp-json\/wp\/v2\/types\/page"}],"author":[{"embeddable":true,"href":"https:\/\/projects.startmeabiz.com\/fr\/wp-json\/wp\/v2\/users\/1"}],"replies":[{"embeddable":true,"href":"https:\/\/projects.startmeabiz.com\/fr\/wp-json\/wp\/v2\/comments?post=5459"}],"version-history":[{"count":0,"href":"https:\/\/projects.startmeabiz.com\/fr\/wp-json\/wp\/v2\/pages\/5459\/revisions"}],"wp:attachment":[{"href":"https:\/\/projects.startmeabiz.com\/fr\/wp-json\/wp\/v2\/media?parent=5459"}],"curies":[{"name":"wp","href":"https:\/\/api.w.org\/{rel}","templated":true}]}}