{"id":5705,"date":"2026-01-06T06:21:19","date_gmt":"2026-01-06T11:21:19","guid":{"rendered":"https:\/\/projects.startmeabiz.com\/?post_type=product&#038;p=5705"},"modified":"2026-01-09T11:01:57","modified_gmt":"2026-01-09T16:01:57","slug":"pack-de-taches","status":"publish","type":"product","link":"https:\/\/projects.startmeabiz.com\/fr\/product\/pack-de-taches\/","title":{"rendered":"SmartBiz Automator \u2013 Pack de t\u00e2ches (Humain + IA) \u2013 Utilisation unique"},"content":{"rendered":"","protected":false},"excerpt":{"rendered":"<p><strong>B\u00e9n\u00e9ficiez de jusqu&#039;\u00e0 30 minutes de travail humain cibl\u00e9 par t\u00e2che, gr\u00e2ce \u00e0 une assistance IA illimit\u00e9e. Choisissez un Pack de t\u00e2ches pour un nombre d\u00e9fini de t\u00e2ches, ou optez pour le Pass Illimit\u00e9 d&#039;une semaine pour une session intensive de 7 jours avec un nombre illimit\u00e9 de demandes de t\u00e2ches (jusqu&#039;\u00e0 8 heures par jour, pendant 5 jours).<\/strong><\/p>","protected":false},"featured_media":5540,"comment_status":"closed","ping_status":"closed","template":"","meta":{"slim_seo":{"title":"SmartBiz Automator \u2013 Task Pack (Human + AI) \u2013 One-Time - Start Me A Biz","description":"B\u00e9n\u00e9ficiez jusqu&#039;\u00e0 30 minutes de travail humain concentr\u00e9 par t\u00e2che, gr\u00e2ce \u00e0 une assistance IA illimit\u00e9e. Choisissez un Pack de t\u00e2ches pour un nombre d\u00e9fini de t\u00e2ches, ou optez pour l&#039;offre d&#039;une semaine."}},"product_brand":[291,290],"product_cat":[152],"product_tag":[],"class_list":{"0":"post-5705","1":"product","2":"type-product","3":"status-publish","4":"has-post-thumbnail","6":"product_brand-smartbiz-automator","7":"product_brand-start-me-a-biz","8":"product_cat-smartbiz-automator-task-packs-passes","9":"pa_tasks-1-task","10":"pa_tasks-10-tasks","11":"pa_tasks-120-tasks","12":"pa_tasks-15-tasks","13":"pa_tasks-24-hour-power-pass","14":"pa_tasks-3-tasks","15":"pa_tasks-30-tasks","16":"pa_tasks-5-tasks","17":"pa_tasks-60-tasks","18":"pa_tasks-8-tasks","19":"pa_tasks-monthly-unlimited-tasks-pass","20":"pa_tasks-weekly-unlimited-tasks-pass","22":"first","23":"instock","24":"taxable","25":"shipping-taxable","26":"purchasable","27":"product-type-variable","28":"has-default-attributes"},"_links":{"self":[{"href":"https:\/\/projects.startmeabiz.com\/fr\/wp-json\/wp\/v2\/product\/5705","targetHints":{"allow":["GET"]}}],"collection":[{"href":"https:\/\/projects.startmeabiz.com\/fr\/wp-json\/wp\/v2\/product"}],"about":[{"href":"https:\/\/projects.startmeabiz.com\/fr\/wp-json\/wp\/v2\/types\/product"}],"replies":[{"embeddable":true,"href":"https:\/\/projects.startmeabiz.com\/fr\/wp-json\/wp\/v2\/comments?post=5705"}],"wp:featuredmedia":[{"embeddable":true,"href":"https:\/\/projects.startmeabiz.com\/fr\/wp-json\/wp\/v2\/media\/5540"}],"wp:attachment":[{"href":"https:\/\/projects.startmeabiz.com\/fr\/wp-json\/wp\/v2\/media?parent=5705"}],"wp:term":[{"taxonomy":"product_brand","embeddable":true,"href":"https:\/\/projects.startmeabiz.com\/fr\/wp-json\/wp\/v2\/product_brand?post=5705"},{"taxonomy":"product_cat","embeddable":true,"href":"https:\/\/projects.startmeabiz.com\/fr\/wp-json\/wp\/v2\/product_cat?post=5705"},{"taxonomy":"product_tag","embeddable":true,"href":"https:\/\/projects.startmeabiz.com\/fr\/wp-json\/wp\/v2\/product_tag?post=5705"}],"curies":[{"name":"wp","href":"https:\/\/api.w.org\/{rel}","templated":true}]}}