{"id":2581,"date":"2025-09-17T13:25:00","date_gmt":"2025-09-17T19:25:00","guid":{"rendered":"https:\/\/projects.startmeabiz.com\/?page_id=2581"},"modified":"2026-02-22T04:09:32","modified_gmt":"2026-02-22T09:09:32","slug":"painel","status":"publish","type":"page","link":"https:\/\/projects.startmeabiz.com\/pt\/","title":{"rendered":"Central de Comando SmartBiz Automator da Start Me A Biz"},"content":{"rendered":"<div class=\"cc-container\">\n<p><!-- Hero Section --><\/p>\n<div class=\"cc-hero\">\n<p><img decoding=\"async\" class=\"cc-hero-img\" src=\"https:\/\/projects.startmeabiz.com\/wp-content\/uploads\/2025\/12\/SMARTBIZ.webp\" \/><\/p>\n<h1 class=\"cc-main-title\"><strong>Centro de Comando<\/strong><\/h1>\n<p class=\"cc-sub-title\"><strong>Seu painel de controle da For\u00e7a-Tarefa Pronta para o Combate<\/strong><\/p>\n<div class=\"fep-error\">Voc\u00ea deve <a href=\"https:\/\/projects.startmeabiz.com\/pt\/conecte-se\/?redirect_to=https%3A%2F%2Fprojects.startmeabiz.com%2Fpt%2F\">Conecte-se<\/a> para visualizar sua mensagem.<\/div><\/div>\n<div id=\"strike-panel\" class=\"cc-section-box\">\n<h2 class=\"cc-box-title\">Painel de greve 24 horas por dia, 7 dias por semana<\/h2>\n<ul style=\"list-style: none; padding: 0; line-height: 1.8;\">\n<li style=\"text-align: left;\"><span style=\"color: #ffffff;\">\ud83d\ude80 <strong>Come\u00e7ar:<\/strong> Utilize qualquer uma das op\u00e7\u00f5es abaixo para nos enviar sua pr\u00f3xima tarefa e iniciar sua pr\u00f3xima miss\u00e3o.<\/span><\/li>\n<li style=\"text-align: left;\"><span style=\"color: #ffffff;\">\ud83d\udc82 <strong>Aprovar:<\/strong> Responderemos com o pre\u00e7o e o tempo necess\u00e1rio em poucos minutos.<\/span><\/li>\n<li style=\"text-align: left;\"><span style=\"color: #ffffff;\">\u26a1 <strong>Executar:<\/strong> Sua equipe de trabalho come\u00e7a a trabalhar em at\u00e9 2 horas (geralmente em minutos).<\/span><\/li>\n<\/ul><\/div>\n<p> <!-- close strike-panel --><\/p>\n<h3 class=\"cc-box-sub\"><strong><span style=\"font-size: 130%;\">Inicie sua pr\u00f3xima tarefa<\/span><\/strong><\/h3>\n<p><!-- Quick Action Grid --><\/p>\n<div class=\"cc-button-grid\">\n    <a class=\"cc-btn btn-blue\" href=\"tel:+13053845639\">CONVOCAR A FOR\u00c7A-TAREFA<\/a><br \/>\n    <a class=\"cc-btn btn-blue\" href=\"sms:+13053845639?body=I want to start a new mission.\">GRUPO DE TRABALHO DE TEXTO<\/a><br \/>\n    <a class=\"cc-btn btn-green\" href=\"#strike-panel\">INICIAR NOVA TAREFA<\/a><br \/>\n    <a class=\"cc-btn btn-blue\" href=\"mailto:support@startmeabiz.com\">GRUPO DE TRABALHO DE E-MAIL<\/a><br \/>\n    <a class=\"cc-btn btn-blue\" href=\"https:\/\/wa.me\/13095320532\">WHATSAPP FOR\u00c7A<\/a><br \/>\n    <a class=\"cc-btn btn-orange\" href=\"https:\/\/startmeabiz.com\/smartbiz-automator#pricing\">RECARREGAR TAREFAS<\/a>\n  <\/div>\n<p><!-- Active Missions Section --><\/p>\n<div class=\"cc-section-box\">\n<h2 class=\"cc-box-title\">Miss\u00f5es Ativas<\/h2>\n<h3 class=\"cc-box-sub\">O que sua for\u00e7a-tarefa est\u00e1 destruindo neste momento<\/h3>\n<p style=\"text-align: center;\"><span style=\"color: #ffffff;\">Suas tarefas s\u00e3o atualizadas 24 horas por dia, 7 dias por semana, para que voc\u00ea possa verificar o progresso a qualquer momento.<\/span><\/p>\n<\/p><\/div>\n<p><!-- Strike Panel --><\/p>\n<div class=\"pm-pro-wrap\"><form name=\"loginform\" id=\"loginform\" action=\"https:\/\/projects.startmeabiz.com\/wp-login.php\" method=\"post\" data-trp-original-action=\"https:\/\/projects.startmeabiz.com\/wp-login.php\"><p class=\"login-username\">\n\t\t\t\t<label for=\"user_login\">Nome do usu\u00e1rio ou endere\u00e7o de e-mail<\/label>\n\t\t\t\t<input type=\"text\" name=\"log\" id=\"user_login\" autocomplete=\"username\" class=\"input\" value=\"\" size=\"20\" \/>\n\t\t\t<\/p><p class=\"login-password\">\n\t\t\t\t<label for=\"user_pass\">Senha<\/label>\n\t\t\t\t<input type=\"password\" name=\"pwd\" id=\"user_pass\" autocomplete=\"current-password\" spellcheck=\"false\" class=\"input\" value=\"\" size=\"20\" \/>\n\t\t\t<\/p><p class=\"login-remember\"><label><input name=\"rememberme\" type=\"checkbox\" id=\"rememberme\" value=\"forever\" \/> r\/me<\/label><\/p><p class=\"login-submit\">\n\t\t\t\t<input type=\"submit\" name=\"wp-submit\" id=\"wp-submit\" class=\"button button-primary\" value=\"Acessar\" \/>\n\t\t\t\t<input type=\"hidden\" name=\"redirect_to\" value=\"https:\/\/projects.startmeabiz.com\/pt\/wp-json\/wp\/v2\/pages\/2581\" \/>\n\t\t\t<\/p><input type=\"hidden\" name=\"trp-form-language\" value=\"pt\"\/><\/form><\/div>\n<\/div>\n<p> <!-- closes cc-container --><br \/>","protected":false},"excerpt":{"rendered":"Command Center Your Battle-Ready Task Force Dashboard You must login to view your message. 24\/7 Strike Panel \ud83d\ude80 Start: Use any option below to send us your next task and launch your next mission. \ud83d\udc82 Approve: We will reply with the price and time required within minutes. \u26a1 Execute: Your Task Force gets to work [...]","protected":false},"author":1,"featured_media":5585,"parent":0,"menu_order":0,"comment_status":"closed","ping_status":"closed","template":"page-right-sidebar.php","meta":{"slim_seo":{"facebook_image":"https:\/\/projects.startmeabiz.com\/wp-content\/uploads\/2025\/12\/SmartBiz-Automator-MyTeam.png","twitter_image":"https:\/\/projects.startmeabiz.com\/wp-content\/uploads\/2025\/12\/SmartBiz-Automator-MyTeam.png","title":"Comece seu neg\u00f3cio - Transforme sua ideia em realidade","description":"Central de Comando: Seu Painel de Controle da For\u00e7a-Tarefa Pronta para o Combate. Voc\u00ea precisa fazer login para visualizar sua mensagem. Painel de Ataque 24 horas por dia, 7 dias por semana \ud83d\ude80 Iniciar: Use qualquer op\u00e7\u00e3o abaixo para nos enviar sua pr\u00f3xima mensagem."},"footnotes":""},"class_list":["post-2581","page","type-page","status-publish","has-post-thumbnail","hentry"],"_links":{"self":[{"href":"https:\/\/projects.startmeabiz.com\/pt\/wp-json\/wp\/v2\/pages\/2581","targetHints":{"allow":["GET"]}}],"collection":[{"href":"https:\/\/projects.startmeabiz.com\/pt\/wp-json\/wp\/v2\/pages"}],"about":[{"href":"https:\/\/projects.startmeabiz.com\/pt\/wp-json\/wp\/v2\/types\/page"}],"author":[{"embeddable":true,"href":"https:\/\/projects.startmeabiz.com\/pt\/wp-json\/wp\/v2\/users\/1"}],"replies":[{"embeddable":true,"href":"https:\/\/projects.startmeabiz.com\/pt\/wp-json\/wp\/v2\/comments?post=2581"}],"version-history":[{"count":0,"href":"https:\/\/projects.startmeabiz.com\/pt\/wp-json\/wp\/v2\/pages\/2581\/revisions"}],"wp:featuredmedia":[{"embeddable":true,"href":"https:\/\/projects.startmeabiz.com\/pt\/wp-json\/wp\/v2\/media\/5585"}],"wp:attachment":[{"href":"https:\/\/projects.startmeabiz.com\/pt\/wp-json\/wp\/v2\/media?parent=2581"}],"curies":[{"name":"wp","href":"https:\/\/api.w.org\/{rel}","templated":true}]}}